{"id":3738,"date":"2019-12-23T15:01:27","date_gmt":"2019-12-23T15:01:27","guid":{"rendered":"http:\/\/interled.es\/?page_id=3738"},"modified":"2020-05-25T06:47:11","modified_gmt":"2020-05-25T06:47:11","slug":"iluminacion-de-piscinas","status":"publish","type":"page","link":"https:\/\/interled.es\/es\/iluminacion-de-piscinas\/","title":{"rendered":"Iluminaci\u00f3n de piscinas"},"content":{"rendered":"<p>[vc_row full_width=\u00bbstretch_row_content_no_spaces\u00bb row_color=\u00bbbgBlack\u00bb extra=\u00bbstretched\u00bb css=\u00bb.vc_custom_1559951859790{margin-top: -100px !important;}\u00bb][vc_column extra=\u00bbnoPadding\u00bb][\/vc_column][vc_column extra=\u00bbnoPadding,clearfix\u00bb offset=\u00bbvc_col-lg-8 vc_col-md-12&#8243; css=\u00bb.vc_custom_1560070424189{background-image: url(http:\/\/interled.es\/wp-content\/uploads\/2019\/06\/garden.jpg?id=3023) !important;}\u00bb]\r\n            <div class=\"splitImg padding customBgOverlay noColor\" style=\"background-image: url(https:\/\/interled.es\/wp-content\/uploads\/2019\/06\/foto4.jpg);\">\r\n                <div>&nbsp;<\/div>\r\n            <\/div>[\/vc_column][vc_column altius_col_bgcolor=\u00bbbgBlack\u00bb offset=\u00bbvc_col-lg-4 vc_col-md-12&#8243;][vc_row_inner inner_row_color=\u00bbbgBlack\u00bb inner_extra=\u00bbpadding\u00bb][vc_column_inner][vc_empty_space height=\u00bb55px\u00bb]<h3 class=\"text-left\">Iluminaci\u00f3n de piscinas<\/h3>[vc_empty_space height=\u00bb55px\u00bb][vc_column_text]Aproveche tambi\u00e9n su piscina exterior para darle un ambiente especial por las noches. Efectos din\u00e1micos de color, efectos de cielos estrellados y estructuras de luz individuales har\u00e1n que su piscina brille con una luz completamente nueva.[\/vc_column_text][\/vc_column_inner][\/vc_row_inner][\/vc_column][vc_column altius_col_bgcolor=\u00bbbgColor\u00bb extra=\u00bbnoPadding\u00bb css=\u00bb.vc_custom_1559952065154{background-color: #d8bc31 !important;}\u00bb offset=\u00bbvc_col-lg-12&#8243;][vc_empty_space height=\u00bb12px\u00bb css=\u00bb.vc_custom_1559951104334{background-color: #d8c231 !important;}\u00bb][\/vc_column][\/vc_row][vc_row row_color=\u00bbbgWhite\u00bb row_padding=\u00bbdefault\u00bb extra=\u00bbstretched\u00bb css=\u00bb.vc_custom_1559958178027{background-color: #000000 !important;}\u00bb][vc_column][\/vc_column][vc_column][vc_empty_space height=\u00bb55px\u00bb]<ul id=\"section-gallery-3820\" class=\"lightboxGallery row small-up-1 medium-up-4 large-up-4 folioGrid noMargin stretched\"><li class=\"column gallery-item noPadding\">\r\n          <a href=\"https:\/\/interled.es\/wp-content\/uploads\/2019\/07\/IMG_7850-e1564525538795.jpeg\" title=\"\" class=\"relPosition\">\r\n            <img decoding=\"async\" src=\"https:\/\/interled.es\/wp-content\/uploads\/2019\/07\/IMG_7850-600x420.jpeg\" alt=\"\" \/>\r\n            <div class=\"imageHover\">\r\n              <span class=\"icon-magnifying-glass\"><\/span>\r\n            <\/div>\r\n          <\/a>\r\n        <\/li><li class=\"column gallery-item noPadding\">\r\n          <a href=\"https:\/\/interled.es\/wp-content\/uploads\/2019\/07\/IMG_0200-e1564525491886.jpeg\" title=\"\" class=\"relPosition\">\r\n            <img decoding=\"async\" src=\"https:\/\/interled.es\/wp-content\/uploads\/2019\/07\/IMG_0200-600x420.jpeg\" alt=\"\" \/>\r\n            <div class=\"imageHover\">\r\n              <span class=\"icon-magnifying-glass\"><\/span>\r\n            <\/div>\r\n          <\/a>\r\n        <\/li><li class=\"column gallery-item noPadding\">\r\n          <a href=\"https:\/\/interled.es\/wp-content\/uploads\/2019\/07\/IMG_7853-e1564525576561.jpeg\" title=\"\" class=\"relPosition\">\r\n            <img decoding=\"async\" src=\"https:\/\/interled.es\/wp-content\/uploads\/2019\/07\/IMG_7853-600x420.jpeg\" alt=\"\" \/>\r\n            <div class=\"imageHover\">\r\n              <span class=\"icon-magnifying-glass\"><\/span>\r\n            <\/div>\r\n          <\/a>\r\n        <\/li><li class=\"column gallery-item noPadding\">\r\n          <a href=\"https:\/\/interled.es\/wp-content\/uploads\/2019\/06\/foto2.jpg\" title=\"\" class=\"relPosition\">\r\n            <img decoding=\"async\" src=\"https:\/\/interled.es\/wp-content\/uploads\/2019\/06\/foto2-600x420.jpg\" alt=\"\" \/>\r\n            <div class=\"imageHover\">\r\n              <span class=\"icon-magnifying-glass\"><\/span>\r\n            <\/div>\r\n          <\/a>\r\n        <\/li><li class=\"column gallery-item noPadding\">\r\n          <a href=\"https:\/\/interled.es\/wp-content\/uploads\/2019\/06\/foto4.jpg\" title=\"\" class=\"relPosition\">\r\n            <img decoding=\"async\" src=\"https:\/\/interled.es\/wp-content\/uploads\/2019\/06\/foto4-600x420.jpg\" alt=\"\" \/>\r\n            <div class=\"imageHover\">\r\n              <span class=\"icon-magnifying-glass\"><\/span>\r\n            <\/div>\r\n          <\/a>\r\n        <\/li><li class=\"column gallery-item noPadding\">\r\n          <a href=\"https:\/\/interled.es\/wp-content\/uploads\/2019\/06\/foto1.jpg\" title=\"\" class=\"relPosition\">\r\n            <img decoding=\"async\" src=\"https:\/\/interled.es\/wp-content\/uploads\/2019\/06\/foto1-600x420.jpg\" alt=\"\" \/>\r\n            <div class=\"imageHover\">\r\n              <span class=\"icon-magnifying-glass\"><\/span>\r\n            <\/div>\r\n          <\/a>\r\n        <\/li><li class=\"column gallery-item noPadding\">\r\n          <a href=\"https:\/\/interled.es\/wp-content\/uploads\/2019\/06\/IMG_0001.jpg\" title=\"\" class=\"relPosition\">\r\n            <img decoding=\"async\" src=\"https:\/\/interled.es\/wp-content\/uploads\/2019\/06\/IMG_0001-600x420.jpg\" alt=\"\" \/>\r\n            <div class=\"imageHover\">\r\n              <span class=\"icon-magnifying-glass\"><\/span>\r\n            <\/div>\r\n          <\/a>\r\n        <\/li><li class=\"column gallery-item noPadding\">\r\n          <a href=\"https:\/\/interled.es\/wp-content\/uploads\/2019\/06\/foto3-1.jpg\" title=\"\" class=\"relPosition\">\r\n            <img decoding=\"async\" src=\"https:\/\/interled.es\/wp-content\/uploads\/2019\/06\/foto3-1-600x420.jpg\" alt=\"\" \/>\r\n            <div class=\"imageHover\">\r\n              <span class=\"icon-magnifying-glass\"><\/span>\r\n            <\/div>\r\n          <\/a>\r\n        <\/li><\/ul>[vc_empty_space height=\u00bb112px\u00bb][\/vc_column][\/vc_row][vc_row equal_columns=\u00bb1&#8243; row_padding=\u00bbdefault\u00bb extra=\u00bbstretched\u00bb css=\u00bb.vc_custom_1590389267979{background-color: #d3a900 !important;}\u00bb][vc_column]<div role=\"form\" class=\"wpcf7\" id=\"wpcf7-f3814-o1\" lang=\"en-US\" dir=\"ltr\">\n<div class=\"screen-reader-response\"><p role=\"status\" aria-live=\"polite\" aria-atomic=\"true\"><\/p> <ul><\/ul><\/div>\n<form action=\"\/es\/wp-json\/wp\/v2\/pages\/3738#wpcf7-f3814-o1\" method=\"post\" class=\"wpcf7-form init\" novalidate=\"novalidate\" data-status=\"init\">\n<div style=\"display: none;\">\n<input type=\"hidden\" name=\"_wpcf7\" value=\"3814\" \/>\n<input type=\"hidden\" name=\"_wpcf7_version\" value=\"5.5.6\" \/>\n<input type=\"hidden\" name=\"_wpcf7_locale\" value=\"en_US\" \/>\n<input type=\"hidden\" name=\"_wpcf7_unit_tag\" value=\"wpcf7-f3814-o1\" \/>\n<input type=\"hidden\" name=\"_wpcf7_container_post\" value=\"0\" \/>\n<input type=\"hidden\" name=\"_wpcf7_posted_data_hash\" value=\"\" \/>\n<input type=\"hidden\" name=\"_wpcf7_recaptcha_response\" value=\"\" \/>\n<\/div>\n<h3 class=\"text-left\">Contact us now!<\/h3>\n<div id=\"contact\">\n<div class=\"row\">\n<div class=\"large-6 columns\">\n                          <span class=\"wpcf7-form-control-wrap your-name\"><input type=\"text\" name=\"your-name\" value=\"\" size=\"40\" class=\"wpcf7-form-control wpcf7-text wpcf7-validates-as-required form-element large\" id=\"formName\" aria-required=\"true\" aria-invalid=\"false\" placeholder=\"Su nombre*\" \/><\/span><br \/>\n                          <small class=\"form-error\">Please fill in your first and last name.<\/small>\n                      <\/div>\n<div class=\"large-6 columns\">\n                          <span class=\"wpcf7-form-control-wrap your-email\"><input type=\"email\" name=\"your-email\" value=\"\" size=\"40\" class=\"wpcf7-form-control wpcf7-text wpcf7-email wpcf7-validates-as-required wpcf7-validates-as-email form-element large\" aria-required=\"true\" aria-invalid=\"false\" placeholder=\"Email*\" \/><\/span><br \/>\n                          <small class=\"form-error\">Enter a valid email address.<\/small>\n                      <\/div>\n<\/div>\n<div class=\"row\">\n<div class=\"large-6 columns\">\n                          <span class=\"wpcf7-form-control-wrap your-phone\"><input type=\"text\" name=\"your-phone\" value=\"\" size=\"40\" class=\"wpcf7-form-control wpcf7-text form-element large\" aria-invalid=\"false\" placeholder=\"Su n\u00famero de tel\u00e9fono\" \/><\/span><br \/>\n                          <small class=\"form-error\">Enter a valid phone number<\/small>\n                      <\/div>\n<\/div>\n<div class=\"row\">\n<div class=\"large-12 columns textarea\">\n                          <span class=\"wpcf7-form-control-wrap your-message\"><textarea name=\"your-message\" cols=\"40\" rows=\"10\" class=\"wpcf7-form-control wpcf7-textarea wpcf7-validates-as-required form-element large\" aria-required=\"true\" aria-invalid=\"false\" placeholder=\"Mensaje*\"><\/textarea><\/span><br \/>\n                          <small class=\"form-error\">You must say something<\/small>\n                      <\/div>\n<\/div>\n<div class=\"row\">\n<div class=\"small-12 columns\">\n                      <input type=\"submit\" value=\"Enviar\" class=\"wpcf7-form-control has-spinner wpcf7-submit button btnBlack float-right\" \/>\n                    <\/div>\n<\/div>\n<\/div>\n<p style=\"display: none !important;\"><label>&#916;<textarea name=\"_wpcf7_ak_hp_textarea\" cols=\"45\" rows=\"8\" maxlength=\"100\"><\/textarea><\/label><input type=\"hidden\" id=\"ak_js_1\" name=\"_wpcf7_ak_js\" value=\"15\"\/><script>document.getElementById( \"ak_js_1\" ).setAttribute( \"value\", ( new Date() ).getTime() );<\/script><\/p><div class=\"wpcf7-response-output\" aria-hidden=\"true\"><\/div><\/form><\/div>[\/vc_column][\/vc_row]<\/p>\n","protected":false},"excerpt":{"rendered":"<p>[vc_row full_width=\u00bbstretch_row_content_no_spaces\u00bb row_color=\u00bbbgBlack\u00bb extra=\u00bbstretched\u00bb css=\u00bb.vc_custom_1559951859790{margin-top: -100px !important;}\u00bb][vc_column extra=\u00bbnoPadding\u00bb][\/vc_column][vc_column extra=\u00bbnoPadding,clearfix\u00bb offset=\u00bbvc_col-lg-8 vc_col-md-12&#8243; css=\u00bb.vc_custom_1560070424189{background-image: url(http:\/\/interled.es\/wp-content\/uploads\/2019\/06\/garden.jpg?id=3023) !important;}\u00bb][\/vc_column][vc_column altius_col_bgcolor=\u00bbbgBlack\u00bb offset=\u00bbvc_col-lg-4 vc_col-md-12&#8243;][vc_row_inner inner_row_color=\u00bbbgBlack\u00bb inner_extra=\u00bbpadding\u00bb][vc_column_inner][vc_empty_space height=\u00bb55px\u00bb][vc_empty_space height=\u00bb55px\u00bb][vc_column_text]Aproveche tambi\u00e9n su piscina exterior para darle un ambiente especial por las noches. Efectos din\u00e1micos de color, efectos de cielos estrellados y estructuras de luz individuales har\u00e1n que su piscina brille con una luz completamente [&hellip;]<\/p>\n","protected":false},"author":2,"featured_media":0,"parent":0,"menu_order":0,"comment_status":"closed","ping_status":"closed","template":"template-page-full.php","meta":{"footnotes":""},"class_list":["post-3738","page","type-page","status-publish","hentry"],"yoast_head":"<!-- This site is optimized with the Yoast SEO plugin v18.4 - https:\/\/yoast.com\/wordpress\/plugins\/seo\/ -->\n<title>Iluminaci\u00f3n de piscinas | MallorcaLED<\/title>\n<meta name=\"robots\" content=\"index, follow, max-snippet:-1, max-image-preview:large, max-video-preview:-1\" \/>\n<link rel=\"canonical\" href=\"https:\/\/interled.es\/es\/iluminacion-de-piscinas\/\" \/>\n<meta property=\"og:locale\" content=\"es_ES\" \/>\n<meta property=\"og:type\" content=\"article\" \/>\n<meta property=\"og:title\" content=\"Iluminaci\u00f3n de piscinas | MallorcaLED\" \/>\n<meta property=\"og:description\" content=\"[vc_row full_width=\u00bbstretch_row_content_no_spaces\u00bb row_color=\u00bbbgBlack\u00bb extra=\u00bbstretched\u00bb css=\u00bb.vc_custom_1559951859790{margin-top: -100px !important;}\u00bb][vc_column extra=\u00bbnoPadding\u00bb][\/vc_column][vc_column extra=\u00bbnoPadding,clearfix\u00bb offset=\u00bbvc_col-lg-8 vc_col-md-12&#8243; css=\u00bb.vc_custom_1560070424189{background-image: url(http:\/\/interled.es\/wp-content\/uploads\/2019\/06\/garden.jpg?id=3023) !important;}\u00bb][\/vc_column][vc_column altius_col_bgcolor=\u00bbbgBlack\u00bb offset=\u00bbvc_col-lg-4 vc_col-md-12&#8243;][vc_row_inner inner_row_color=\u00bbbgBlack\u00bb inner_extra=\u00bbpadding\u00bb][vc_column_inner][vc_empty_space height=\u00bb55px\u00bb][vc_empty_space height=\u00bb55px\u00bb][vc_column_text]Aproveche tambi\u00e9n su piscina exterior para darle un ambiente especial por las noches. Efectos din\u00e1micos de color, efectos de cielos estrellados y estructuras de luz individuales har\u00e1n que su piscina brille con una luz completamente [&hellip;]\" \/>\n<meta property=\"og:url\" content=\"https:\/\/interled.es\/es\/iluminacion-de-piscinas\/\" \/>\n<meta property=\"og:site_name\" content=\"MallorcaLED\" \/>\n<meta property=\"article:modified_time\" content=\"2020-05-25T06:47:11+00:00\" \/>\n<meta name=\"twitter:card\" content=\"summary_large_image\" \/>\n<meta name=\"twitter:label1\" content=\"Tiempo de lectura\" \/>\n\t<meta name=\"twitter:data1\" content=\"2 minutos\" \/>\n<script type=\"application\/ld+json\" class=\"yoast-schema-graph\">{\"@context\":\"https:\/\/schema.org\",\"@graph\":[{\"@type\":\"WebSite\",\"@id\":\"https:\/\/interled.es\/#website\",\"url\":\"https:\/\/interled.es\/\",\"name\":\"Interled Sounds & Visions Mallorca\",\"description\":\"LED Lighting, Sound , TV\",\"potentialAction\":[{\"@type\":\"SearchAction\",\"target\":{\"@type\":\"EntryPoint\",\"urlTemplate\":\"https:\/\/interled.es\/?s={search_term_string}\"},\"query-input\":\"required name=search_term_string\"}],\"inLanguage\":\"es\"},{\"@type\":\"WebPage\",\"@id\":\"https:\/\/interled.es\/es\/iluminacion-de-piscinas\/#webpage\",\"url\":\"https:\/\/interled.es\/es\/iluminacion-de-piscinas\/\",\"name\":\"Iluminaci\u00f3n de piscinas | MallorcaLED\",\"isPartOf\":{\"@id\":\"https:\/\/interled.es\/#website\"},\"datePublished\":\"2019-12-23T15:01:27+00:00\",\"dateModified\":\"2020-05-25T06:47:11+00:00\",\"breadcrumb\":{\"@id\":\"https:\/\/interled.es\/es\/iluminacion-de-piscinas\/#breadcrumb\"},\"inLanguage\":\"es\",\"potentialAction\":[{\"@type\":\"ReadAction\",\"target\":[\"https:\/\/interled.es\/es\/iluminacion-de-piscinas\/\"]}]},{\"@type\":\"BreadcrumbList\",\"@id\":\"https:\/\/interled.es\/es\/iluminacion-de-piscinas\/#breadcrumb\",\"itemListElement\":[{\"@type\":\"ListItem\",\"position\":1,\"name\":\"Home\",\"item\":\"https:\/\/interled.es\/es\/\"},{\"@type\":\"ListItem\",\"position\":2,\"name\":\"Iluminaci\u00f3n de piscinas\"}]}]}<\/script>\n<!-- \/ Yoast SEO plugin. -->","yoast_head_json":{"title":"Iluminaci\u00f3n de piscinas | MallorcaLED","robots":{"index":"index","follow":"follow","max-snippet":"max-snippet:-1","max-image-preview":"max-image-preview:large","max-video-preview":"max-video-preview:-1"},"canonical":"https:\/\/interled.es\/es\/iluminacion-de-piscinas\/","og_locale":"es_ES","og_type":"article","og_title":"Iluminaci\u00f3n de piscinas | MallorcaLED","og_description":"[vc_row full_width=\u00bbstretch_row_content_no_spaces\u00bb row_color=\u00bbbgBlack\u00bb extra=\u00bbstretched\u00bb css=\u00bb.vc_custom_1559951859790{margin-top: -100px !important;}\u00bb][vc_column extra=\u00bbnoPadding\u00bb][\/vc_column][vc_column extra=\u00bbnoPadding,clearfix\u00bb offset=\u00bbvc_col-lg-8 vc_col-md-12&#8243; css=\u00bb.vc_custom_1560070424189{background-image: url(http:\/\/interled.es\/wp-content\/uploads\/2019\/06\/garden.jpg?id=3023) !important;}\u00bb][\/vc_column][vc_column altius_col_bgcolor=\u00bbbgBlack\u00bb offset=\u00bbvc_col-lg-4 vc_col-md-12&#8243;][vc_row_inner inner_row_color=\u00bbbgBlack\u00bb inner_extra=\u00bbpadding\u00bb][vc_column_inner][vc_empty_space height=\u00bb55px\u00bb][vc_empty_space height=\u00bb55px\u00bb][vc_column_text]Aproveche tambi\u00e9n su piscina exterior para darle un ambiente especial por las noches. Efectos din\u00e1micos de color, efectos de cielos estrellados y estructuras de luz individuales har\u00e1n que su piscina brille con una luz completamente [&hellip;]","og_url":"https:\/\/interled.es\/es\/iluminacion-de-piscinas\/","og_site_name":"MallorcaLED","article_modified_time":"2020-05-25T06:47:11+00:00","twitter_card":"summary_large_image","twitter_misc":{"Tiempo de lectura":"2 minutos"},"schema":{"@context":"https:\/\/schema.org","@graph":[{"@type":"WebSite","@id":"https:\/\/interled.es\/#website","url":"https:\/\/interled.es\/","name":"Interled Sounds & Visions Mallorca","description":"LED Lighting, Sound , TV","potentialAction":[{"@type":"SearchAction","target":{"@type":"EntryPoint","urlTemplate":"https:\/\/interled.es\/?s={search_term_string}"},"query-input":"required name=search_term_string"}],"inLanguage":"es"},{"@type":"WebPage","@id":"https:\/\/interled.es\/es\/iluminacion-de-piscinas\/#webpage","url":"https:\/\/interled.es\/es\/iluminacion-de-piscinas\/","name":"Iluminaci\u00f3n de piscinas | MallorcaLED","isPartOf":{"@id":"https:\/\/interled.es\/#website"},"datePublished":"2019-12-23T15:01:27+00:00","dateModified":"2020-05-25T06:47:11+00:00","breadcrumb":{"@id":"https:\/\/interled.es\/es\/iluminacion-de-piscinas\/#breadcrumb"},"inLanguage":"es","potentialAction":[{"@type":"ReadAction","target":["https:\/\/interled.es\/es\/iluminacion-de-piscinas\/"]}]},{"@type":"BreadcrumbList","@id":"https:\/\/interled.es\/es\/iluminacion-de-piscinas\/#breadcrumb","itemListElement":[{"@type":"ListItem","position":1,"name":"Home","item":"https:\/\/interled.es\/es\/"},{"@type":"ListItem","position":2,"name":"Iluminaci\u00f3n de piscinas"}]}]}},"_links":{"self":[{"href":"https:\/\/interled.es\/es\/wp-json\/wp\/v2\/pages\/3738"}],"collection":[{"href":"https:\/\/interled.es\/es\/wp-json\/wp\/v2\/pages"}],"about":[{"href":"https:\/\/interled.es\/es\/wp-json\/wp\/v2\/types\/page"}],"author":[{"embeddable":true,"href":"https:\/\/interled.es\/es\/wp-json\/wp\/v2\/users\/2"}],"replies":[{"embeddable":true,"href":"https:\/\/interled.es\/es\/wp-json\/wp\/v2\/comments?post=3738"}],"version-history":[{"count":4,"href":"https:\/\/interled.es\/es\/wp-json\/wp\/v2\/pages\/3738\/revisions"}],"predecessor-version":[{"id":3829,"href":"https:\/\/interled.es\/es\/wp-json\/wp\/v2\/pages\/3738\/revisions\/3829"}],"wp:attachment":[{"href":"https:\/\/interled.es\/es\/wp-json\/wp\/v2\/media?parent=3738"}],"curies":[{"name":"wp","href":"https:\/\/api.w.org\/{rel}","templated":true}]}}